{"id":14,"date":"2024-11-26T13:16:49","date_gmt":"2024-11-26T12:16:49","guid":{"rendered":"https:\/\/neu.bsc-bkk.at\/?page_id=14"},"modified":"2025-04-03T18:45:30","modified_gmt":"2025-04-03T16:45:30","slug":"infos","status":"publish","type":"page","link":"https:\/\/neu.bsc-bkk.at\/index.php\/infos\/","title":{"rendered":"Infos"},"content":{"rendered":"\n<p class=\"has-large-font-size\"><strong>Millst\u00e4tter See &#8211; Bad Kleinkirchheim &#8211; Nockberge<br>Genuss zwischen See und Berg<\/strong><\/p>\n\n\n\n<p>Vom sportlichen Abenteuer bis zur romantischen Zeit zu zweit. Die Region Millst\u00e4tter See &#8211; Bad<br>Kleinkirchheim &#8211; Nockberge hat viele Gesichter. Zehn Gr\u00fcnde, diese kennenzulernen.<\/p>\n\n\n\n<figure class=\"wp-block-gallery has-nested-images columns-default is-cropped wp-block-gallery-1 is-layout-flex wp-block-gallery-is-layout-flex\">\n<figure class=\"wp-block-image size-large\"><img loading=\"lazy\" decoding=\"async\" width=\"1024\" height=\"700\" data-id=\"74\" src=\"https:\/\/neu.bsc-bkk.at\/wp-content\/uploads\/2024\/12\/v-Panormaschaukel_Alexanderalm-am-Millstaetter-See-\u00a9Gert_Perauer_MBN_kl.jpg\" alt=\"\" class=\"wp-image-74\" srcset=\"https:\/\/neu.bsc-bkk.at\/wp-content\/uploads\/2024\/12\/v-Panormaschaukel_Alexanderalm-am-Millstaetter-See-\u00a9Gert_Perauer_MBN_kl.jpg 1024w, https:\/\/neu.bsc-bkk.at\/wp-content\/uploads\/2024\/12\/v-Panormaschaukel_Alexanderalm-am-Millstaetter-See-\u00a9Gert_Perauer_MBN_kl-300x205.jpg 300w, https:\/\/neu.bsc-bkk.at\/wp-content\/uploads\/2024\/12\/v-Panormaschaukel_Alexanderalm-am-Millstaetter-See-\u00a9Gert_Perauer_MBN_kl-768x525.jpg 768w\" sizes=\"auto, (max-width: 1024px) 100vw, 1024px\" \/><\/figure>\n\n\n\n<figure class=\"wp-block-image size-large\"><img loading=\"lazy\" decoding=\"async\" width=\"1024\" height=\"683\" data-id=\"73\" src=\"https:\/\/neu.bsc-bkk.at\/wp-content\/uploads\/2024\/12\/v-\u00a9FRANZGERDL-BPNB-RE-Falkert-_4460.jpg\" alt=\"\" class=\"wp-image-73\" srcset=\"https:\/\/neu.bsc-bkk.at\/wp-content\/uploads\/2024\/12\/v-\u00a9FRANZGERDL-BPNB-RE-Falkert-_4460.jpg 1024w, https:\/\/neu.bsc-bkk.at\/wp-content\/uploads\/2024\/12\/v-\u00a9FRANZGERDL-BPNB-RE-Falkert-_4460-300x200.jpg 300w, https:\/\/neu.bsc-bkk.at\/wp-content\/uploads\/2024\/12\/v-\u00a9FRANZGERDL-BPNB-RE-Falkert-_4460-768x512.jpg 768w\" sizes=\"auto, (max-width: 1024px) 100vw, 1024px\" \/><\/figure>\n\n\n\n<figure class=\"wp-block-image size-large\"><img loading=\"lazy\" decoding=\"async\" width=\"1024\" height=\"683\" data-id=\"72\" src=\"https:\/\/neu.bsc-bkk.at\/wp-content\/uploads\/2024\/12\/v-Buchtenwandern-Archiv-MTG\u00a9FRANZGERDL.jpg\" alt=\"\" class=\"wp-image-72\" srcset=\"https:\/\/neu.bsc-bkk.at\/wp-content\/uploads\/2024\/12\/v-Buchtenwandern-Archiv-MTG\u00a9FRANZGERDL.jpg 1024w, https:\/\/neu.bsc-bkk.at\/wp-content\/uploads\/2024\/12\/v-Buchtenwandern-Archiv-MTG\u00a9FRANZGERDL-300x200.jpg 300w, https:\/\/neu.bsc-bkk.at\/wp-content\/uploads\/2024\/12\/v-Buchtenwandern-Archiv-MTG\u00a9FRANZGERDL-768x512.jpg 768w\" sizes=\"auto, (max-width: 1024px) 100vw, 1024px\" \/><\/figure>\n<\/figure>\n\n\n\n<ol class=\"wp-block-list\">\n<li>Zwischen See und Berg muss man sich nicht entscheiden \u2026<br>\u2026 denn man hat beides!<br>Beim Wandern in und rund um den UNESCO Biosph\u00e4renpark K\u00e4rntner Nockberge Gipfelsiege feiern. Mit<br>dem Bike die verschlungenen Almwege erkunden oder beim Spaziergang auf einen der Slow Trails<br>Waldluft inhalieren. Wer so Berge und Natur Schritt f\u00fcr Schritt n\u00e4her gekommen ist, erlebt ein<br>Gef\u00fchl von Freiheit. Wie kann dieses Gef\u00fchl einmal mehr be\ufb02\u00fcgelt werden? &#8211; Mit dem Eintauchen in<br>die Seenlandschaft der Region! Zum Sprung in das bis zu 27 Grad warme Wasser l\u00e4dt der Millst\u00e4tter<br>See. Das Juwel in K\u00e4rnten. K\u00e4rntens zweitgr\u00f6\u00dfter Badesee fasziniert mit seinem smaragdgr\u00fcnen<br>Wasser, eine Farbstimmung, die ihm ein Alleinstellungsmerkmal verleiht. Wenn sich das Gr\u00fcn der<br>W\u00e4lder am naturbelassenen S\u00fcdufer im Wasser spiegelt, kommt die Seele zur Ruhe. Eingebettet in die<br>sanfte Almenwelt der Nockberge gibt der Millst\u00e4tter See einen Blick auf die Gipfel der<br>Dreitausender frei. Ein Weitblick, der seinesgleichen sucht und sinnliche See- und Bergber\u00fchrungen<br>verspricht. Nur wenige Kilometer entfernt liegt der malerische Brennsee. Er ist ein Eldorado f\u00fcr<br>alle Freunde des Wassersports, denn hier herrscht stets eine leichte Brise, die Segler- und<br>Surferherzen h\u00f6her schlagen l\u00e4sst.<br>Wagemutige stecken ihre F\u00fc\u00dfe in einen der zauberhaften Bergseen. Im Rahmen einer Wanderung ein Spa\u00df<br>f\u00fcr Gro\u00df und Klein. Zu den gr\u00f6\u00dften Bergseen z\u00e4hlen der Turracher See und der Falkertsee.<\/li>\n<\/ol>\n\n\n\n<p>Millst\u00e4tter See<br>Der Millst\u00e4tter See ist mit 141 Metern der tiefste K\u00e4rntner See, mit einer Fl\u00e4che von 1.328 Hektar<br>der zweitgr\u00f6\u00dfte und mit 1.205 Millionen m\u00b3 der wasserreichste. Ende des 19. Jahrhunderts war<\/p>\n\n\n\n<p>der See eine beliebtes Reiseziel des K&amp;K-Adels, die zur Sommerfrische hier ihre Villen erbauen<br>lie\u00dfen. Besonders ist der Kontrast zwischen naturbelassenen S\u00fcdufer und dem regen Treiben mit<br>Sonnenterrassen und Promenaden am Nordufer.<br>Brennsee<br>Der Brennsee liegt auf 747 Metern Seeh\u00f6he und weist eine Fl\u00e4che von 41 Hektar auf. Die maximale<br>Wassertiefe liegt bei 26 Meter. Der Brennsee ist der kalk\u00e4rmste aller K\u00e4rntner Talseen.<br>Fischbestand: Flussbarsch, Hecht, Wels, Seeforelle, Seesaibling und Zander. Teils ist der See im<br>Winter zum Eislaufen freigegeben.<br>Turracher See<br>Der Turracher See liegt auf 1780 Metern Seeh\u00f6he und weist eine Fl\u00e4che von 19 Hektar auf. Die<br>maximale Wassertiefe liegt bei 33 Meter. Aufgrund der H\u00f6henlage sind Eisdecken bis zu einem Meter<br>keine Seltenheit, was eine Vielzahl an Wintersportm\u00f6glichkeiten bietet. Im Winter bringt ein<br>\u201cTraktorlift\u201d die Skifahrer auf die andere Seeseite des Skigebiets. Langlau\ufb02oipen werden gespurt,<br>Eislaufen ist ein pures Vergn\u00fcgen.<br>Falkert See<br>Der idyllisch gelegene Hochgebirgssee liegt auf 1870 Metern Seeh\u00f6he und hat eine Tiefe bis zu 13<br>Metern. Dort be\ufb01ndet sich die Heidi Alm &#8211; ein Paradies und Naturerlebnis f\u00fcr Familien &#8211; auch im<br>Winter, wenn Heidis SchneeAlm die Pforten \u00f6\ufb00net.<\/p>\n\n\n\n<figure class=\"wp-block-gallery has-nested-images columns-default is-cropped wp-block-gallery-2 is-layout-flex wp-block-gallery-is-layout-flex\">\n<figure class=\"wp-block-image size-large\"><img loading=\"lazy\" decoding=\"async\" width=\"1024\" height=\"683\" data-id=\"72\" src=\"https:\/\/neu.bsc-bkk.at\/wp-content\/uploads\/2024\/12\/v-Buchtenwandern-Archiv-MTG\u00a9FRANZGERDL.jpg\" alt=\"\" class=\"wp-image-72\" srcset=\"https:\/\/neu.bsc-bkk.at\/wp-content\/uploads\/2024\/12\/v-Buchtenwandern-Archiv-MTG\u00a9FRANZGERDL.jpg 1024w, https:\/\/neu.bsc-bkk.at\/wp-content\/uploads\/2024\/12\/v-Buchtenwandern-Archiv-MTG\u00a9FRANZGERDL-300x200.jpg 300w, https:\/\/neu.bsc-bkk.at\/wp-content\/uploads\/2024\/12\/v-Buchtenwandern-Archiv-MTG\u00a9FRANZGERDL-768x512.jpg 768w\" sizes=\"auto, (max-width: 1024px) 100vw, 1024px\" \/><\/figure>\n<\/figure>\n\n\n\n<ol start=\"2\" class=\"wp-block-list\">\n<li>Es o\ufb00enbart sich ein einzigartiges Wandergebiet \u2026<br>\u2026 denn diese Fauna und Flora gibt es nur hier!<br>Die Almenwelt der Nockberge und rund um den Millst\u00e4tter See bietet ein einzigartiges Naturerlebnis.<br>Ob genussvoll Wandern und dabei Zeit zu zweit zelebrieren am Weg der \u201cLiebe. Sentiero dell\u2019Amore.\u201d<br>bis zum imposanten Granattor, oder eine anspruchsvolle Bergtour auf den h\u00f6chsten Gipfel der<br>K\u00e4rntner Nockberge &#8211; den Rosennock (2.440 Meter). Ob leichte Wanderungen, die mit der Benutzung der<br>Bergbahnen einmal mehr zum Genuss werden, oder magische Momente bei Sonnenaufgangswanderungen.<br>Diese Wanderregion l\u00e4sst keine W\u00fcnsche o\ufb00en. Wem ein Gipfelgl\u00fcck allein nicht reicht, plant seine<br>Touren auf dem Nockberge-Trail (www.nockberge-trail.com), \u00d6sterreichs beliebtesten Weitwanderweg.<br>Er f\u00fchrt in acht Etappen vom Katschberg, \u00fcber die Turracher H\u00f6he und dem Falkert bis Bad<br>Kleinkirchheim und weiter bis zum Millst\u00e4tter See. Die Magie des Etappenwandern steht am \u201cVia<br>Paradiso\u201d (www.millstaettersee.com\/viaparadiso) im Fokus. In vier Tagen geht es entlang des<br>H\u00f6henplateaus rund um den Millst\u00e4tter See &#8211; stets mit unvergesslichen See- und Bergber\u00fchrungen, die<br>einem begleiten.<\/li>\n<\/ol>\n\n\n\n<p>Im UNESCO Biosph\u00e4renpark K\u00e4rntner Nockberge erschlie\u00dft sich eine einzigartige Fauna und Flora. Hier<br>beheimatet ist einer der gr\u00f6\u00dften in sich geschlossenen Zirbenw\u00e4lder der Alpen oder der \u201cechte<br>Speick\u201d, der unter Naturschutz steht und sonst nirgends w\u00e4chst.<\/p>\n\n\n\n<p>Zirbe:<br>Bei der Zirbe stehen f\u00fcnf Nadeln geb\u00fcndelt beisammen. Dies ist der charakteristische Unterschied zu<br>heimischen F\u00f6hren oder der Lasche. Die \u00e4ltesten Zirbenb\u00e4ume weisen ein Alter von 1000 Jahren auf.<br>Durchschnittlich lebt ein Zirben-Baum 200 Jahre und erreicht eine durchschnittliche Wuchsh\u00f6he von<br>15 Metern.<\/p>\n\n\n\n<p>Speick:<br>Nur in den Nockbergen zwischen 1800 und 2300 Metern Seeh\u00f6he w\u00e4chst die Speickp\ufb02anze mit dem Namen<br>\u201cValeriana Celtica Subspezies Norica\u201d. Nirgendwo anders gedeiht diese Gattung. Seit 1936 steht<br>das intensiv duftende Gew\u00e4chs unter Naturschutz. Zwei Bauernfamilien in den Nockbergen<br>besitzen das Recht, Speick von Hand zu ernten.<\/p>\n\n\n\n<ol start=\"3\" class=\"wp-block-list\">\n<li>Wellness und Entspannung \ufb01ndet man in all seinen Facetten\u2026<br>\u2026 denn zwei Thermen und ein Badehaus lassen keine W\u00fcnsche o\ufb00en!<br>Die heilsame Wirkung von \u201cechtem\u201d Thermalwasser macht Bad Kleinkirchheim zu einer einzigartigen<br>Destination f\u00fcr Erholungssuchende. Das Besondere: Der Ort hat zwei Thermen! W\u00e4hrend die<br>Familien- und Gesundheitstherme St. Kathrein mit der gr\u00f6\u00dften Wasser\ufb02\u00e4che aller K\u00e4rntner<br>Thermen punktet, l\u00e4dt im Thermal R\u00f6merbad die gro\u00dfz\u00fcgige Saunalandschaft<br>zum Entspannen ein. Seen-Wellness auf 4.000 Quadratmetern bringt im 1.<br>K\u00e4rnten Badehaus direkt am Ufer des Millst\u00e4tter Sees Entspannung pur. Nach einem<br>wohltuenden Aufguss in der Sauna wartet der Sprung in den See. Eine Wohltat f\u00fcr alle Sinne.<\/li>\n<\/ol>\n\n\n\n<p>Thermalwasser:<br>In der Krypta unterhalb des Kirchleins St. Kathrein entspringt das Bad<br>Kleinkirchheimer Thermalwasser. Reich an Mineralien wie Calcium, Magnesium, Natrium und<br>Kalium lindert es rheumatische Beschwerden, wirkt entz\u00fcndungshemmend und st\u00e4rkt das<br>Immunsystem uvm. Der Ort blickt auf eine 1000-j\u00e4hrige Geschichte rund um sein Thermalwasser<br>zur\u00fcck.<\/p>\n\n\n\n<ol start=\"4\" class=\"wp-block-list\">\n<li>Das Streckennetz f\u00fcr Biker ist abwechslungsreich\u2026<br>\u2026 denn 45 km Trails, 300 km Mountainbikestrecken und \u00fcber 550 km ausgewiesene Routen f\u00fcr<br>Genussbiker lassen keine W\u00fcnsche o\ufb00en!<br>Die Tourismusregion Millst\u00e4tter See &#8211; Bad Kleinkirchheim &#8211; Nockberge hat f\u00fcr jede Vorliebe die<br>perfekte Radtour inpetto. Rennradfahrer lieben eine Tour auf der 35 Kilometer langen Nockalmstra\u00dfe<br>mit ihren 52 Kehren &#8211; eine der sch\u00f6nsten Panoramastra\u00dfen \u00d6sterreichs.<br>Genuss-Biker radeln auf 28 Kilometern rund um den Millst\u00e4tter See &#8211; entlang des bewaldeten S\u00fcdufers<\/li>\n<\/ol>\n\n\n\n<ul class=\"wp-block-list\">\n<li>und haben dabei den See f\u00fcr einen Sprung ins bis zu 27 Grad warme Wasser stets in Sicht. Mit den<br>Natur Trails geht es auf die saftigen Almen. Ein Muss f\u00fcr jeden begeisterten Biker sind die<br>nock-lake Trails, die von der Kaiserburg-Bergstation nach Feld am See f\u00fchren. Diese<\/li>\n<\/ul>\n\n\n\n<p>Natur-Trails laden ein, am Ende der Bike-Tour den malerischen Brennsee mit seinem umfassenden<br>Wassersportangebot zu genie\u00dfen. Ebenso die Natur-Trails auf der Millst\u00e4tter Alm begeistern<br>passionierte Biker- ein Einkehrschwung in einer der urigen H\u00fctten darf nat\u00fcrlich nicht fehlen.<\/p>\n\n\n\n<p>Europas l\u00e4ngster Flow Country Trail<br>Der 15 Kilometer lange Flow Country Trail in Bad Kleinkirchheim ist der l\u00e4ngste seiner<br>Art in Europa. Gem\u00fctlich hinauf geht es mit der Kabinenbahn bis zur<br>Kaiserburg-Bergstation. Dann beginnt die Talfahrt: Steilkurven, Drops, Pumps und Roller auf der<br>mit Schotter \ufb01xierten Strecke sorgen f\u00fcr den Spa\u00df-Faktor. Im Tal angekommen, sind knapp 1.000<br>H\u00f6henmeter mit 8 Prozent Gef\u00e4lle zur\u00fcckgelegt.<\/p>\n\n\n\n<ol start=\"5\" class=\"wp-block-list\">\n<li>Die Logenpl\u00e4tze inmitten der Natur sind einzigartig\u2026<br>\u2026 denn sie lassen die Natur mit allen Sinnen erleben!<br>Was die Destination so besonders macht, sind ihre Logenpl\u00e4tze &#8211; sanft eingebettet in die Natur. Sie<br>laden ein, die Natursch\u00f6nheiten mit allen Sinnen zu erfahren. Bei einem Picknick am<br>\u201cSternenbalkon\u201d, einer Wanderung zum \u201cGranattor\u201d, genussvollen Weitblicken von der<br>Aussichtsplattform \u201cWaldb\u00fchne\u201d am Slow Trail Zwergsee oder Schaukeln auf der Panoramaschaukel<br>\u201cAlexanderAlm\u201d &#8211; jeder Logenplatz zeigt, dass die wahren Kostbarkeiten direkt vor uns liegen, wenn<br>wir die Augen daf\u00fcr \u00f6\ufb00nen.<\/li>\n<\/ol>\n\n\n\n<p>Projekt Panoramaschaukel<br>Die Panoramaschaukel \u201cAlexanderAlm\u201d be\ufb01ndet sich etwa 15 Gehminuten von der Alexanderh\u00fctte auf der<br>Millst\u00e4tter Alm entfernt und wurde erst im Oktober 2022 installiert. Weitere Panoramaschaukeln in<br>der Region sollen folgen.<\/p>\n\n\n\n<ol start=\"6\" class=\"wp-block-list\">\n<li>Zeit zu zweit wird zum unvergesslichen Moment\u2026<br>\u2026 denn der Millst\u00e4tter See ist ein Juwel f\u00fcr Romantiker!<br>Auf der Millst\u00e4tter Alm liegt das gr\u00f6\u00dfte Granatsteinvorkommen der Alpen verborgen. Der rot<br>schimmernde Edelstein gilt als \u201cStein der Liebe\u201d. Ein Grund mehr, warum rund um den See Verliebte<br>romantische R\u00fcckzugsorte \ufb01nden, die unvergesslich bleiben. Wie w\u00e4re es mit einer Nacht zum<br>Sternez\u00e4hlen in einem \u201cBiwak unter den Sternen. Rifugio sotto le stelle.\u201d oder einem Picknick im<br>Ruderboot mit Halt in einer der entlegenen Buchten am S\u00fcdufer. Das sind Momente, die Zeit zu zweit<br>vollkommen machen.<\/li>\n<\/ol>\n\n\n\n<p>Granatstein &#8211; der Stein der Liebe<br>Der Granat hatte ab Mitte des 19. Jahrhunderts eine wirtschaftliche Bedeutung f\u00fcr die Region. Er<br>wurde abgebaut und teils nach B\u00f6hmen verkauft, wo er zu Schmucksteinen weiterverarbeitet wurde.<br>1918 wurde der Granatbergbau eingestellt. In die Geschichte des Granats eintauchen kann man aber<br>heute noch. In der Erlebniswelt Granatium in Radenthein sch\u00fcrfen Besucher sogar nach ihrem<br>pers\u00f6nlichen Edelstein. Die Geschichte des Bergbaus wird ebenso im Kultur-<\/p>\n\n\n\n<p>und Heimatmuseum in Spittal an der Drau aufgegri\ufb00en. Wer mit o\ufb00enen Augen auf der Millst\u00e4tter Alm<br>wandert, kann mit etwas Gl\u00fcck seinen pers\u00f6nlichen kleinen Karfunkelstein direkt am Weg \ufb01nden.<\/p>\n\n\n\n<ol start=\"7\" class=\"wp-block-list\">\n<li>Kulturfreunde kommen jedes Jahr \u2026<br>\u2026 denn hochkar\u00e4tige Veranstaltungen bereichern seit Jahrzehnten die Region!<br>Von illustren Theaterinszenierungen im Innenhof des ehrw\u00fcrdigen Schlosses Porcia in Spittal, \u00fcber<br>virtuose Gitarrenkl\u00e4nge beim internationalen Gitarrenfestival \u201cLa Guitarra esencial\u201d bis hin zu<br>Konzerten quer durch alle Genres in der imposanten Stiftskirche in Millstatt. International<br>erfolgreiche K\u00fcnstlerinnen und K\u00fcnstler sind jedes Jahr zu Gast, um von Mai bis Oktober das<br>Publikum zu begeistern.<\/li>\n<\/ol>\n\n\n\n<p>Musikwochen Millstatt<br>Musik belebt, begeistert, l\u00e4dt zum Tr\u00e4umen ein und f\u00fchrt uns in besondere Sph\u00e4ren. Getreu diesem<br>Motto arbeitet das Team der Musikwochen seit 45 Jahren an abwechslungsreichen Konzertprogrammen<br>quer durch alle Genres. Jahr f\u00fcr Jahr gelingt es, hochkar\u00e4tige K\u00fcnstlerinnen und K\u00fcnstler an den<br>Millst\u00e4tter See zu bringen.<br>www.musikwochen.com<br>La Guitarra esencial<br>Die international erfolgreiche Gitarristin Julia Malischnig veranstaltet seit 15 Jahren allj\u00e4hrlich<br>im August das Gitarrenfestival \u201cLa Guitarra esencial\u201d in ihrer Heimatgemeinde Millstatt am<br>Millst\u00e4tter See. Ihr Festival ist mittlerweile weit \u00fcber die Grenzen hinaus bekannt.<br>https:\/\/www.laguitarraesencial.com\/<br>Ensemble Porcia<br>Das Ensemble Porcia begr\u00fc\u00dft j\u00e4hrlich rund 15.000 G\u00e4ste im Schlossinnenhof des Schlosses Porcia. Die<br>Schauspiel-Truppe hat sich den \u201cKom\u00f6dienspielen\u201d verschrieben. Das Leichte Lachen von Porcia steht<br>f\u00fcr Theater auf h\u00f6chstem Niveau.<br>www.ensemble-porcia.at<\/p>\n\n\n\n<ol start=\"8\" class=\"wp-block-list\">\n<li>Authentische Landwirtschaft tri\ufb00t den Zeitgeist\u2026<br>\u2026 denn hier wird \u201cSlow Food\u201d gro\u00df geschrieben!<br>Auf der S\u00fcdseite der Alpen geht Genuss durch den Magen, wenn sich die<br>Vielfalt der traditionellen K\u00e4rntner K\u00fcche mit der Leichtigkeit der Alpe-Adria-K\u00fcche<br>vereint. Produzenten und Wirte, welche die Slow Food Philosophie leben, sind der beste<br>Beweis daf\u00fcr. Sie verfolgen hohe Qualit\u00e4tsanspr\u00fcche beim Anbauen, Ernten und Weiterverarbeiten<br>ihrer Lebensmittel. Ein Unterschied, den man einfach schmeckt &#8211; und zwar in jedem Bissen. Alle<br>Informationen zu Slow Food-Produzenten und -Wirte \ufb01ndet man im Slow Food Guide K\u00e4rnten<br>(auch online unter:<br>https:\/\/www.kaernten.at\/slowfoodguide\/)<\/li>\n<\/ol>\n\n\n\n<p>Slow Food Villages<\/p>\n\n\n\n<p>Vier von elf Slow Food Villages in K\u00e4rnten liegen in der Region Millst\u00e4tter See &#8211; Bad<br>Kleinkirchheim &#8211; Nockberge: Seeboden, Millstatt, Bad Kleinkirchheim und Sirnitz\/Albeck. Die Slow<br>Food Gemeinschaften in diesen Orten zeigen Verantwortung daf\u00fcr, dass Lebensmittel nachhaltig<br>produziert, hochwertig verarbeitet sowie regional und fair verkauft werden.<\/p>\n\n\n\n<ol start=\"9\" class=\"wp-block-list\">\n<li>Das Mobilit\u00e4ts-Angebot bringt Sie \u00fcberall hin<br>\u2026 denn nachhaltig Reisen liegt uns am Herzen!<br>Anreisen ohne Auto ist in der Region Millst\u00e4tter See &#8211; Bad Kleinkirchheim &#8211; Nockberge kinderleicht.<br>Wir zeigen die M\u00f6glichkeiten auf. Gem\u00fctlich gestaltet sich die Anreise mit dem Zug &#8211; Haltebahnh\u00f6fe<br>Spittal Millst\u00e4ttersee oder Villach. Das Bahnhofshuttle K\u00e4rnten bringt (Voranmeldung erforderlich)<br>G\u00e4ste bequem bis in die Unterkunft. Wer am Flughafen Klagenfurt ankommt, kann ebenso mittels<br>Shuttledienst bequem ins Hotel gelangen (www.kaernten-transfer.at). Bei uns bleibt der Gast sogar<br>w\u00e4hrend des gesamten Urlaubs mobil, ohne sich ein Leihauto zu buchen. Das \u201cAllround-Talent\u201d namens<br>Nockmobil macht es m\u00f6glich. Im Umkreis von 20 Kilometern bietet dieses Shuttle-Service einen sehr<br>kosteng\u00fcnstigen und \ufb02exiblen Transferdienst. Alle Infos:<br>www.nockmobil.at<\/li>\n<\/ol>\n\n\n\n<p>Bahnhofshuttle K\u00e4rnten<br>Buchungshotline: +43 4242 42000 24. Eine Anmeldung ist am Vortag bis 20 Uhr notwendig. Online<br>Buchung: www.bahnhofshuttlekaernten.at<\/p>\n\n\n\n<p>Nockmobil<br>F\u00fcr die Destinationen rund um den Millst\u00e4tter See ist das Nockmobil ein g\u00fcnstiger Transferdienst.<br>Buchungshotline +43 123 500 444 24 Mehr Infos unter www.nockmobil.at<\/p>\n\n\n\n<ol start=\"10\" class=\"wp-block-list\">\n<li>Die G\u00e4ste-Cards bereichern den Urlaub mit extra Leistungen\u2026<br>\u2026 denn so lernt man Land und Leute noch besser kennen!<br>Mit einem Klick alles \u201cinklusive\u201d. So einfach geht\u2019s: Sie buchen in einem der Partnerbetriebe der<br>Millst\u00e4tter See Inclusive Card (rund um den Millst\u00e4tter See), der Sonnenschein-Card (rund um Bad<br>Kleinkirchheim) oder der Butler Card (f\u00fcr G\u00e4ste auf der Turracher H\u00f6he) und erhalten bei der<br>Ankunft Ihre pers\u00f6nliche G\u00e4ste-Card gemeinsam mit dem Zimmerschl\u00fcssel, die T\u00fcr und Tor zu vielen<br>kostenlosen und verg\u00fcnstigten Aktivit\u00e4ten \u00f6\ufb00net.<\/li>\n<\/ol>\n","protected":false},"excerpt":{"rendered":"<p>Millst\u00e4tter See &#8211; Bad Kleinkirchheim &#8211; NockbergeGenuss zwischen See und Berg Vom sportlichen Abenteuer bis zur romantischen Zeit zu zweit. Die Region Millst\u00e4tter See &#8211; BadKleinkirchheim &#8211; Nockberge hat viele Gesichter. Zehn Gr\u00fcnde, diese kennenzulernen. Millst\u00e4tter SeeDer Millst\u00e4tter See ist mit 141 Metern der tiefste K\u00e4rntner See, mit einer Fl\u00e4che von 1.328 Hektarder zweitgr\u00f6\u00dfte und<a class=\"more-link\" href=\"https:\/\/neu.bsc-bkk.at\/index.php\/infos\/\">Continue reading <span class=\"screen-reader-text\">&#8222;Infos&#8220;<\/span><\/a><\/p>\n","protected":false},"author":2,"featured_media":68,"parent":0,"menu_order":0,"comment_status":"closed","ping_status":"closed","template":"","meta":{"footnotes":""},"class_list":["post-14","page","type-page","status-publish","has-post-thumbnail","hentry"],"_links":{"self":[{"href":"https:\/\/neu.bsc-bkk.at\/index.php\/wp-json\/wp\/v2\/pages\/14","targetHints":{"allow":["GET"]}}],"collection":[{"href":"https:\/\/neu.bsc-bkk.at\/index.php\/wp-json\/wp\/v2\/pages"}],"about":[{"href":"https:\/\/neu.bsc-bkk.at\/index.php\/wp-json\/wp\/v2\/types\/page"}],"author":[{"embeddable":true,"href":"https:\/\/neu.bsc-bkk.at\/index.php\/wp-json\/wp\/v2\/users\/2"}],"replies":[{"embeddable":true,"href":"https:\/\/neu.bsc-bkk.at\/index.php\/wp-json\/wp\/v2\/comments?post=14"}],"version-history":[{"count":4,"href":"https:\/\/neu.bsc-bkk.at\/index.php\/wp-json\/wp\/v2\/pages\/14\/revisions"}],"predecessor-version":[{"id":166,"href":"https:\/\/neu.bsc-bkk.at\/index.php\/wp-json\/wp\/v2\/pages\/14\/revisions\/166"}],"wp:featuredmedia":[{"embeddable":true,"href":"https:\/\/neu.bsc-bkk.at\/index.php\/wp-json\/wp\/v2\/media\/68"}],"wp:attachment":[{"href":"https:\/\/neu.bsc-bkk.at\/index.php\/wp-json\/wp\/v2\/media?parent=14"}],"curies":[{"name":"wp","href":"https:\/\/api.w.org\/{rel}","templated":true}]}}