{"id":3,"date":"2024-11-22T11:29:39","date_gmt":"2024-11-22T10:29:39","guid":{"rendered":"https:\/\/neu.bsc-bkk.at\/?page_id=3"},"modified":"2024-11-26T17:16:49","modified_gmt":"2024-11-26T16:16:49","slug":"datenschutzerklaerung","status":"publish","type":"page","link":"https:\/\/neu.bsc-bkk.at\/index.php\/datenschutzerklaerung\/","title":{"rendered":"Datenschutzbestimmungen"},"content":{"rendered":"\n<h2 class=\"wp-block-heading\">Verantwortlicher:<\/h2>\n\n\n\n<p>\u200bBogensportclub Bad Kleinkirchheim, Obfrau Ressmann Mirjam ZVR Zahl 1056056953 , zust\u00e4ndige Beh\u00f6rde Bezirkshauptmannschaft Spittal an der Drau.<\/p>\n\n\n\n<p>Es ist kein Datenschutzbeauftragter bestellt, da dies gesetzlich nicht notwendig ist.<\/p>\n\n\n\n<p>Der Schutz Ihrer pers\u00f6nlichen Daten ist uns ein besonderes Anliegen. Wir verarbeiten Ihre Daten daher ausschlie\u00dflich auf Grundlage der gesetzlichen Bestimmungen (DSGVO, TKG 2003). In diesen Datenschutzinformationen informieren wir Sie \u00fcber die wichtigsten Aspekte unserer Datenverarbeitung.<\/p>\n\n\n\n<p>2) Allgemeines:<\/p>\n\n\n\n<p>Der Schutz und die Sicherheit Ihrer pers\u00f6nlichen Daten sind uns ein wichtiges Anliegen. Diese Webseite speichert und verarbeitet Daten daher ausschlie\u00dflich im Sinne der \u00f6sterreichischen und europ\u00e4ischen Datenschutzgrundverordnung (DSGVO). Sie als Nutzer stimmen der Datenverarbeitung im Sinne dieser Erkl\u00e4rung zu. Die aktuelle Fassung der DSG VO finden sie unter <a href=\"http:\/\/eur-lex.europa.eu\/legal-content\/DE\/TXT\/HTML\/?uri=CELEX:32016R0679&amp;from=DE\">http:\/\/eur-lex.europa.eu\/legal-content\/DE\/TXT\/HTML\/?uri=CELEX:32016R0679&amp;from=DE<\/a><\/p>\n\n\n\n<p>Diese Datenschutzerkl\u00e4rung bezieht sich nur auf diese Webseite. Falls Sie \u00fcber Links auf unseren Seiten auf andere Seiten weitergeleitet werden, informieren Sie sich direkt auf der weitergeleiteten Webseite \u00fcber den jeweiligen Umgang mit Ihren Daten. Ihre personenbezogenen Daten (z.B. Anrede, Name, Anschrift, E-Mail-Adresse, Telefonnummer, Bankverbindung, Kreditkartennummer) werden von uns nur gem\u00e4\u00df den Bestimmungen des \u00f6sterreichischen Datenschutzrechts verarbeitet. Die nachfolgenden Vorschriften informieren Sie \u00fcber Art, Umfang und Zweck der Erhebung, Verarbeitung und Nutzung personenbezogener Daten.<\/p>\n\n\n\n<p>Die Nutzung dieser Webseite ist in der Regel ohne Angabe personenbezogener Daten m\u00f6glich. Soweit auf unseren Seiten personenbezogene Daten (beispielsweise Name, Anschrift oder E-Mail-Adressen) erhoben werden, erfolgt dies, soweit m\u00f6glich, stets auf freiwilliger Basis. Diese Daten werden ohne Ihre ausdr\u00fcckliche Zustimmung nicht an Dritte weitergegeben.<\/p>\n\n\n\n<p>Wir weisen darauf hin, dass die Daten\u00fcbertragung im Internet (z.B. bei der Kommunikation per E-Mail, oder \u00fcber nicht verschl\u00fcsselte Webseiten) Sicherheitsl\u00fccken aufweisen kann. Ein l\u00fcckenloser Schutz der Daten vor dem Zugriff durch Dritte ist nicht m\u00f6glich.<\/p>\n\n\n\n<p>Bei Beauftragung \u00fcber unsere Webseite werden Ihre \u00fcbermittelten oder eingegebenen Daten manuell oder automatisiert mit dem vorhandenen Datenbestand auf G\u00fcltigkeit und Aktualit\u00e4t \u00fcberpr\u00fcft und gegebenenfalls abgeglichen um die bei uns gespeicherten Daten zu korrigieren. Dazu kann es notwendig sein, dass wir unsere MitarbeiterInnen mit Ihnen Kontakt aufnehmen m\u00fcssen. Dies geschieht mittels E-Mail oder telefonisch. Die von Ihnen eingegebenen Daten werden ausschlie\u00dflich f\u00fcr die Bearbeitung der Bestellung oder die Abwicklung der Anmeldung verwendet, eine Weitergabe der Daten an Dritte erfolgt nicht erfolgt im erforderlichen Ausma\u00df an den \u00d6sterreichischen Fachverband, Sport Austria und Bundesministerium f\u00fcr Kunst, Kultur, \u00f6ffentlichen Dienst und Sport sowie den Internationalen Verband (IFAA).<\/p>\n\n\n\n<p>Aufgrund der Einwilligung der betroffenen Person nach Art. 6 Abs. 1 lit. a DSGVO bzw. der Erf\u00fcllung einer vertraglichen bzw. rechtlichen Verpflichtung des Verantwortlichen nach Art. 6 Abs. 1 lit. b und c bzw. f&nbsp; DSGVO werden die personenbezogenen Daten der betroffenen Person, soweit diese f\u00fcr die Leistungs-\/Ergebniserfassung bzw. Ergebnismanagement im Zusammenhang mit der Anmeldung oder Teilnahme an (sportlichen) Veranstaltungen oder Wettk\u00e4mpfen erforderlich sind, gespeichert und auch nach Art. 17 Abs. 3 in Verbindung mit Art. 89 DSGVO f\u00fcr im \u00f6ffentlichen Interesse liegende Archivzwecke und berechtigte Interessen des Verantwortlichen gespeichert und \u00f6ffentlich zug\u00e4nglich gemacht sowie von der \u00d6sterreichische Bundes-Sportorganisation (Sport Austria), 1040 Wien, PrinzEugen-Str. 12, gespeichert und \u00f6ffentlich zug\u00e4nglich gemacht. Im Rahmen unserer Veranstaltung werden Fotografien und\/oder Filme erstellt. Diese Aufnahmen k\u00f6nnen in verschiedenen Medien (Print\/TV\/Online) und in Publikationen (Print\/Online) des Vereines Verwendung finden. Die Verarbeitung dieser Daten erfolgt auf Grund unseres berechtigten Interesses an der Dokumentation der Veranstaltung im Sinne des Artikels 6 Abs 1 lit f DSGVO. Dies wird von der betroffenen Person bei der Anmeldung zur Veranstaltung ausdr\u00fccklich zur Kenntnis genommen.<\/p>\n\n\n\n<p>3) Betroffenenrechte<\/p>\n\n\n\n<p>\u200b<\/p>\n\n\n\n<p>Nach der EU Datenschutzgrundverordnung stehen Ihnen als Betroffener umfangreiche Rechte zu. Diese Rechte sollen vor allem f\u00fcr mehr Transparenz im Zusammenhang mit Ihren Daten sorgen. Ihre Rechte als betroffene Person sind das Recht auf Auskunft \u00fcber die Sie betreffenden personenbezogenen Daten, auf Berichtigung, L\u00f6schung, Einschr\u00e4nkung der Verarbeitung, Widerspruch gegen die Verarbeitung (Direktmarketing) sowie auf Daten\u00fcbertragbarkeit (nur&nbsp; bei Vertragsbeziehung oder Einwilligung) und jederzeitigen Widerruf einer Einwilligung.<\/p>\n\n\n\n<p>Die betroffenen Personen k\u00f6nnen s\u00e4mtliche Rechte durch ein Email an amlacher@utanet.at&nbsp; info@bsc-bkk.at oder durch&nbsp; pers\u00f6nliche Kontaktaufnahme (z.B. per Telefon oder direkt vor Ort) oder durch eine&nbsp; Mitteilung per Post oder Telefax(\u2026. ) sowie auch \u00fcber das Kontaktformular der Website aus\u00fcben.<\/p>\n\n\n\n<p>Dar\u00fcber hinaus haben Sie jederzeit das Recht, hinsichtlich der Verarbeitung Ihrer personenbezogenen Daten Beschwerde bei der Datenschutzbeh\u00f6rde einzubringen. Die Kontaktdaten der Datenschutzbeh\u00f6rde lauten:<\/p>\n\n\n\n<p>\u00d6sterreichische Datenschutzbeh\u00f6rde<\/p>\n\n\n\n<p>Wickenburggasse 8<\/p>\n\n\n\n<p>1080 Wien<\/p>\n\n\n\n<p>Telefon:&nbsp; +43 1 521 52-25 69<\/p>\n\n\n\n<p>E\u2011Mail: dsb@dsb.gv.at<\/p>\n\n\n\n<p>4) Rechtliche Grundlagen f\u00fcr die Erhebung und Nutzung Ihrer personenbezogenen Daten<\/p>\n\n\n\n<p>Wir erheben, nutzen und verwalten Ihre personenbezogenen Daten ausschlie\u00dflich:<\/p>\n\n\n\n<p>wenn dies zur Erf\u00fcllung unserer vertraglichen Verpflichtungen Ihnen gegen\u00fcber n\u00f6tig ist,<\/p>\n\n\n\n<p>wenn ein berechtigtes Interesse besteht,<\/p>\n\n\n\n<p>und \/ oder<\/p>\n\n\n\n<p>wenn Sie der Nutzung f\u00fcr die konkret genannten, rechtm\u00e4\u00dfigen Zwecke zugestimmt haben.<\/p>\n\n\n\n<p>Ein berechtigtes Interesse im Sinne des \u00a7 6 lit f DSGVO besteht f\u00fcr uns insbesondere in der Beantwortung von Anfragen, dem Betrieb und der Verwaltung der Website, der Verbesserung des Werbeauftritts, dem technischen Support der Nutzer sowie in der leichteren Auffindbarkeit unserer auf der Website angegebenen Orte.<\/p>\n\n\n\n<p>\u200b<\/p>\n\n\n\n<p>5) Datenl\u00f6schung<\/p>\n\n\n\n<p>Ihre Daten werden gel\u00f6scht, sobald der jeweilige Vertrag mit Ihnen erf\u00fcllt ist und keine gesetzliche Pflicht zur Speicherung der Daten mehr besteht. So werden Ihre Daten grunds\u00e4tzlich nach sieben Jahren gel\u00f6scht; Aufbewahrungsfrist nach \u00a7 132 BAO.<\/p>\n\n\n\n<p>Gesetzliche\/rechtliche Aufbewahrungspflichten oder&nbsp; vertragliche Verpflichtungen&nbsp; z.B. gegen\u00fcber Kunden aus Gew\u00e4hrleistung oder Schadenersatz oder gegen\u00fcber Vertragspartnern sind eine Grundlage die personenbezogenen Daten weiterhin zu speichern. (Art 6 Abs 1 lit c DSGVO \u2013 Grundlage der Rechtm\u00e4\u00dfigkeit der Verarbeitung: gesetzliche \/ rechtliche Verpflichtung)<\/p>\n\n\n\n<p>\u200b<\/p>\n\n\n\n<p>6) Informationen zur Datenerfassung<\/p>\n\n\n\n<p>Links<\/p>\n\n\n\n<p>Wir \u00fcberpr\u00fcfen Links, die unsere Webseite verlassen, redaktionell sehr sorgf\u00e4ltig. Trotzdem \u00fcbernehmen wir f\u00fcr Inhalte auf Seiten, auf die von dieser Webseite oder von einem anderen Internetauftritt aus gelinkt wird, keinerlei Verantwortung oder Haftung.<\/p>\n\n\n\n<p>Kontaktformular<\/p>\n\n\n\n<p>Indem Sie Formulare auf unserer Website ausf\u00fcllen oder uns Mitteilungen machen, stellen Sie uns Ihre personenbezogenen Daten zur Verf\u00fcgung. Dazu z\u00e4hlen zum Beispiel Name, Anschrift, Geburtsdatum, Telefonnummer. Wir nutzen diese personenbezogenen Daten, um Ihre Anfragen zu bearbeiten und\/oder um die vertraglichen Dienstleistungen zu erbringen. Wenn Sie uns per Kontaktformular Anfragen zukommen lassen, werden Ihre Angaben aus dem Anfrageformular inklusive der von Ihnen dort angegebenen Kontaktdaten zwecks Bearbeitung der Anfrage und f\u00fcr den Fall von Anschlussfragen bei uns gespeichert. Diese Daten geben wir nicht ohne Ihrer Einwilligung weiter.<\/p>\n\n\n\n<p>Bestandsdaten<\/p>\n\n\n\n<p>Ohne Ihre ausdr\u00fcckliche Einwilligung oder ohne gesetzliche Grundlage werden Ihre personenbezogenen Daten nicht an au\u00dferhalb der Vertragsabwicklung stehende Dritte weitergegeben. Nach vollst\u00e4ndiger Vertragsabwicklung werden Ihre Daten f\u00fcr die weitere Verwendung gesperrt. Nach Ablauf der steuer- und handelsrechtlichen Vorschriften werden diese Daten gel\u00f6scht, sofern Sie nicht ausdr\u00fccklich in die weitere Nutzung eingewilligt haben.<\/p>\n\n\n\n<p>Ihre personenbezogenen Daten, soweit diese f\u00fcr die Begr\u00fcndung, inhaltliche Ausgestaltung oder \u00c4nderung des Vertragsverh\u00e4ltnisses erforderlich sind (Bestandsdaten), werden ausschlie\u00dflich zur Vertragsabwicklung verwendet. So muss z.B. zur Zustellung der Waren Ihr Name und Ihre Anschrift an den Warenlieferanten weitergegeben werden.<\/p>\n\n\n\n<p>7) Cookies<\/p>\n\n\n\n<p>1. Einsatz von Cookies<\/p>\n\n\n\n<p>Diese Website verwendet Cookies. Ein Cookie ist eine kleine Textdatei, die zur Speicherung von Informationen dient. Beim Besuch einer Website kann die Website auf dem Computer des Website-Besuchers ein Cookie platzieren. Besucht der Benutzer die Website mit demselben Endger\u00e4t sp\u00e4ter wieder, kann die Website die Daten des fr\u00fcher gespeicherten Cookies auslesen und so z.B. feststellen, ob der Benutzer die Website schon fr\u00fcher besucht hat und f\u00fcr welche Bereiche der Website sich der Benutzer besonders interessiert hat. Ein Cookie und die darin gespeicherten Informationen k\u00f6nnen entweder an die Website zur\u00fcckgesandt werden, die sie erzeugt hat (First Party Cookie) oder an eine andere Website gesandt werden, zu der sie geh\u00f6ren (Third Party Cookie). Cookies machen Websites f\u00fcr den Benutzer benutzerfreundlicher und effizienter.<\/p>\n\n\n\n<p>Die meisten der von uns verwendeten Cookies, sogenannte &#8222;Session-Cookies&#8220;, werden nach Ende der Browser-Sitzung automatisch wieder von Ihrer Festplatte gel\u00f6scht. Ferner verwenden wir auch Cookies, die \u00fcber die &#8222;Session&#8220; hinaus auf der Festplatte bei Ihnen verbleiben. Dies dient vor allem dem Zweck, dass die Website bei einem erneuten Aufruf auf Ihre pers\u00f6nlichen Bed\u00fcrfnisse angepasst werden kann.<\/p>\n\n\n\n<p>Folgende Daten werden bei Aufruf unserer Website mittels Cookies erfasst:<\/p>\n\n\n\n<p>&#8211; Session ID<\/p>\n\n\n\n<p>&#8211; Zustimmung zur Cookie-Leiste<\/p>\n\n\n\n<p>Diese Daten werden ausschlie\u00dflich anonymisiert erhoben, sodass diese nicht mit einzelnen Nutzern in Verbindung gebracht werden k\u00f6nnen.<\/p>\n\n\n\n<p>&#8211; CookieConsent: Dient zur Speicherung der Zustimmung zur Cookie-Verwendung.<\/p>\n\n\n\n<p>&#8211; TrackingDisabled: Dient zur Speicherung des Trackingzustandes<\/p>\n\n\n\n<p>2. Third Party Cookies<\/p>\n\n\n\n<p>Zeitweise verwendet unsere Website zus\u00e4tzlich folgende externe Dienste, die unter Umst\u00e4nden Cookies setzen, w\u00e4hrend Sie unsere Website besuchen:<\/p>\n\n\n\n<p>Performance Cookies, um das Benutzererlebnis zu verbessern:<\/p>\n\n\n\n<p>&#8211; Google Analytics<\/p>\n\n\n\n<p>Sonstige Drittanbietern, die unter Umst\u00e4nden Cookies setzen:<\/p>\n\n\n\n<p>&#8211; Google Maps Integration<\/p>\n\n\n\n<p>&#8211; Youtube Video Integration<\/p>\n\n\n\n<p>3. Cookie Einstellungen<\/p>\n\n\n\n<p>Wie der Web-Browser mit Cookies umgeht, welche Cookies zugelassen oder abgelehnt werden, kann der Benutzer in den Einstellungen des Web-Browsers festlegen. Wo genau sich diese Einstellungen befinden, h\u00e4ngt vom jeweiligen Web-Browser ab. Detailinformationen dazu k\u00f6nnen \u00fcber die Hilfe-Funktion des jeweiligen Web-Browsers aufgerufen werden. Wenn die Nutzung von Cookies eingeschr\u00e4nkt wird, sind unter Umst\u00e4nden nicht mehr alle Funktionen dieser Website vollumf\u00e4nglich nutz-bar.<\/p>\n\n\n\n<p>&nbsp;8) Google Analytics<\/p>\n\n\n\n<p>Diese Website verwendet Google Analytics, einen Webanalysedienst der Google Inc, 1600 Amphitheatre Parkway Mountain View, CA 94043, USA (&#8222;Google&#8220;). Die Beziehung zu Google basiert auf einen Angemessenheitsbeschluss der Europ\u00e4ischen Kommission, da Google eine Selbstzertifizierung nach dem Privacy Shield besitzt, zudem wurde mit Google ein Vertrag zur Auftragsdatenverarbeitung abgeschlossen.<\/p>\n\n\n\n<p>Beim Aufruf unserer Website wird \u00fcber eine Software eine Verbindung zu den Servern von Google hergestellt und Daten an teils in den USA befindliche Server von Google \u00fcbermittelt. Google Analytics verwendet zudem Cookies zur Speicherung von Informationen \u00fcber den Website-Benutzer und zur Analyse der Benutzung der Website durch die Website-Benutzer. Diese Website nutzt die Funktion &#8222;Aktivierung der IP-Anonymisierung&#8220;. Dadurch wird Ihre IP-Adresse von Google innerhalb von Mitgliedsstaaten der Europ\u00e4ischen Union oder in anderen Vertragsstaaten des Abkommens \u00fcber den &#8211; 6 &#8211; Europ\u00e4ischen Wirtschaftsraum zuvor gek\u00fcrzt. Nur in Ausnahmef\u00e4llen wird die volle IP-Adresse an einen Server von Google in den USA \u00fcbertragen und dort gek\u00fcrzt.<\/p>\n\n\n\n<p>Laut Angaben von Google wird Google die erhobenen Daten benutzen, um die Nutzung der Website auszuwerten, um Reports \u00fcber die Websiteaktivit\u00e4ten zusammenzustellen und um weitere mit der Websitenutzung und der Internetnutzung verbundene Dienstleistungen zu erbringen. Auch wird Google diese Informationen gegebenenfalls an Dritte \u00fcbertragen, sofern dies gesetzlich vorgeschrieben ist oder soweit Dritte diese Daten im Auftrag von Google verarbeiten.<\/p>\n\n\n\n<p>Detaillierte Informationen zum Umgang mit Nutzerdaten bei Google Analytics finden Sie in der Datenschutzerkl\u00e4rung von Google bzw. von Google Analytics.<\/p>\n\n\n\n<p>Google Analytics deaktivieren:<\/p>\n\n\n\n<p>Sie k\u00f6nnen die Erfassung Ihrer Nutzerdaten durch Google Analytics generell auf allen Websites verhindern, indem Sie das unter dem folgenden Link verf\u00fcgbare Browser-Plugin herunterladen und installieren: <a href=\"https:\/\/tools.google.com\/dlpage\/gaoptout?hl=de\">https:\/\/tools.google.com\/dlpage\/gaoptout?hl=de<\/a><\/p>\n\n\n\n<p>Alternativ zum Browser-Plugin k\u00f6nnen Sie diesen Link klicken, um die Erfassung durch Google Analytics auf dieser Website zuk\u00fcnftig zu verhindern. Dabei wird ein Opt-Out-Cookie auf Ihrem Endger\u00e4t ab-gelegt. L\u00f6schen Sie Ihre Cookies, m\u00fcssen sie diesen Link erneut klicken.<\/p>\n\n\n\n<p>\u200b<\/p>\n\n\n\n<p>9) Soziale Medien<\/p>\n\n\n\n<p>\u200b<\/p>\n\n\n\n<p>Google Maps<\/p>\n\n\n\n<p>Diese Website verwendet &#8222;Google Maps&#8220;, einen Kartendienst der Google Inc., 1600 Amphitheatre Parkway, Mountain View, CA 94043, USA, um geographische Informationen visuell darzustellen und zur Erstellung von Anfahrtspl\u00e4nen.<\/p>\n\n\n\n<p>Durch die Nutzung von Google Maps k\u00f6nnen Informationen \u00fcber die Benutzung dieser Website, ein-schlie\u00dflich Ihrer IP-Adresse, an teils in den USA befindliche Server von Google \u00fcbermittelt oder dort gespeichert werden. Google wird diese Informationen gegebenenfalls an Dritte \u00fcbertragen, sofern dies gesetzlich vorgeschrieben ist oder soweit Dritte diese Daten im Auftrag von Google verarbeiten.<\/p>\n\n\n\n<p>Detaillierte Informationen zum Umgang mit Nutzerdaten bei Google Maps finden Sie in den Daten-schutzhinweisen von Google bzw. von Google Maps: <a href=\"https:\/\/www.google.com\/intl\/de_US\/help\/terms_maps.html\">https:\/\/www.google.com\/intl\/de_US\/help\/terms_maps.html<\/a><\/p>\n\n\n\n<p>Verwendung von Links:<\/p>\n\n\n\n<p>Auf unserer Website finden sich Links zu Websites, die nicht vom uns betrieben werden und auf deren Sicherheit und Inhalt wir keinen Einfluss haben. F\u00fcr diese Websites gelten die Datenschutzbestimmungen des jeweiligen Betreibers der Website.<\/p>\n\n\n\n<p>\u200b<\/p>\n\n\n\n<p>Aktualisierung der Bestimmungen<\/p>\n\n\n\n<p>Der BSC Bad Kleinkirchheim beh\u00e4lt sich das Recht vor, diese Bestimmungen jederzeit entsprechend den Gesch\u00e4ftserfordernissen zu \u00e4ndern.<\/p>\n\n\n\n<p>Aus deiner E-Mail-Adresse kann eine anonymisierte Zeichenfolge erstellt (auch Hash genannt) und dem Gravatar-Dienst \u00fcbergeben werden, um zu pr\u00fcfen, ob du diesen benutzt. Die Datenschutzerkl\u00e4rung des Gravatar-Dienstes findest du hier: https:\/\/automattic.com\/privacy\/. Nachdem dein Kommentar freigegeben wurde, ist dein Profilbild \u00f6ffentlich im Kontext deines Kommentars sichtbar.<\/p>\n\n\n\n<h2 class=\"wp-block-heading\">Medien<\/h2>\n\n\n\n<p><strong class=\"privacy-policy-tutorial\">Textvorschlag: <\/strong>Wenn du ein registrierter Benutzer bist und Fotos auf diese Website l\u00e4dst, solltest du vermeiden, Fotos mit einem EXIF-GPS-Standort hochzuladen. Besucher dieser Website k\u00f6nnten Fotos, die auf dieser Website gespeichert sind, herunterladen und deren Standort-Informationen extrahieren.<\/p>\n\n\n\n<h2 class=\"wp-block-heading\">Cookies<\/h2>\n\n\n\n<p><strong class=\"privacy-policy-tutorial\">Textvorschlag: <\/strong>Wenn du einen Kommentar auf unserer Website schreibst, kann das eine Einwilligung sein, deinen Namen, E-Mail-Adresse und Website in Cookies zu speichern. Dies ist eine Komfortfunktion, damit du nicht, wenn du einen weiteren Kommentar schreibst, all diese Daten erneut eingeben musst. Diese Cookies werden ein Jahr lang gespeichert.<\/p>\n\n\n\n<p>Falls du ein Konto hast und dich auf dieser Website anmeldest, werden wir ein tempor\u00e4res Cookie setzen, um festzustellen, ob dein Browser Cookies akzeptiert. Dieses Cookie enth\u00e4lt keine personenbezogenen Daten und wird verworfen, wenn du deinen Browser schlie\u00dft.<\/p>\n\n\n\n<p>Wenn du dich anmeldest, werden wir einige Cookies einrichten, um deine Anmeldeinformationen und Anzeigeoptionen zu speichern. Anmelde-Cookies verfallen nach zwei Tagen und Cookies f\u00fcr die Anzeigeoptionen nach einem Jahr. Falls du bei der Anmeldung \u201eAngemeldet bleiben\u201c ausw\u00e4hlst, wird deine Anmeldung zwei Wochen lang aufrechterhalten. Mit der Abmeldung aus deinem Konto werden die Anmelde-Cookies gel\u00f6scht.<\/p>\n\n\n\n<p>Wenn du einen Artikel bearbeitest oder ver\u00f6ffentlichst, wird ein zus\u00e4tzlicher Cookie in deinem Browser gespeichert. Dieser Cookie enth\u00e4lt keine personenbezogenen Daten und verweist nur auf die Beitrags-ID des Artikels, den du gerade bearbeitet hast. Der Cookie verf\u00e4llt nach einem Tag.<\/p>\n\n\n\n<h2 class=\"wp-block-heading\">Eingebettete Inhalte von anderen Websites<\/h2>\n\n\n\n<p><strong class=\"privacy-policy-tutorial\">Textvorschlag: <\/strong>Beitr\u00e4ge auf dieser Website k\u00f6nnen eingebettete Inhalte beinhalten (z.&nbsp;B. Videos, Bilder, Beitr\u00e4ge etc.). Eingebettete Inhalte von anderen Websites verhalten sich exakt so, als ob der Besucher die andere Website besucht h\u00e4tte.<\/p>\n\n\n\n<p>Diese Websites k\u00f6nnen Daten \u00fcber dich sammeln, Cookies benutzen, zus\u00e4tzliche Tracking-Dienste von Dritten einbetten und deine Interaktion mit diesem eingebetteten Inhalt aufzeichnen, inklusive deiner Interaktion mit dem eingebetteten Inhalt, falls du ein Konto hast und auf dieser Website angemeldet bist.<\/p>\n","protected":false},"excerpt":{"rendered":"<p>Verantwortlicher: \u200bBogensportclub Bad Kleinkirchheim, Obfrau Ressmann Mirjam ZVR Zahl 1056056953 , zust\u00e4ndige Beh\u00f6rde Bezirkshauptmannschaft Spittal an der Drau. Es ist kein Datenschutzbeauftragter bestellt, da dies gesetzlich nicht notwendig ist. Der Schutz Ihrer pers\u00f6nlichen Daten ist uns ein besonderes Anliegen. Wir verarbeiten Ihre Daten daher ausschlie\u00dflich auf Grundlage der gesetzlichen Bestimmungen (DSGVO, TKG 2003). In diesen<a class=\"more-link\" href=\"https:\/\/neu.bsc-bkk.at\/index.php\/datenschutzerklaerung\/\">Continue reading <span class=\"screen-reader-text\">&#8222;Datenschutzbestimmungen&#8220;<\/span><\/a><\/p>\n","protected":false},"author":1,"featured_media":0,"parent":0,"menu_order":0,"comment_status":"closed","ping_status":"closed","template":"","meta":{"footnotes":""},"class_list":["post-3","page","type-page","status-publish","hentry"],"_links":{"self":[{"href":"https:\/\/neu.bsc-bkk.at\/index.php\/wp-json\/wp\/v2\/pages\/3","targetHints":{"allow":["GET"]}}],"collection":[{"href":"https:\/\/neu.bsc-bkk.at\/index.php\/wp-json\/wp\/v2\/pages"}],"about":[{"href":"https:\/\/neu.bsc-bkk.at\/index.php\/wp-json\/wp\/v2\/types\/page"}],"author":[{"embeddable":true,"href":"https:\/\/neu.bsc-bkk.at\/index.php\/wp-json\/wp\/v2\/users\/1"}],"replies":[{"embeddable":true,"href":"https:\/\/neu.bsc-bkk.at\/index.php\/wp-json\/wp\/v2\/comments?post=3"}],"version-history":[{"count":1,"href":"https:\/\/neu.bsc-bkk.at\/index.php\/wp-json\/wp\/v2\/pages\/3\/revisions"}],"predecessor-version":[{"id":52,"href":"https:\/\/neu.bsc-bkk.at\/index.php\/wp-json\/wp\/v2\/pages\/3\/revisions\/52"}],"wp:attachment":[{"href":"https:\/\/neu.bsc-bkk.at\/index.php\/wp-json\/wp\/v2\/media?parent=3"}],"curies":[{"name":"wp","href":"https:\/\/api.w.org\/{rel}","templated":true}]}}