{"id":92,"date":"2024-12-12T10:56:11","date_gmt":"2024-12-12T09:56:11","guid":{"rendered":"https:\/\/neu.bsc-bkk.at\/?page_id=92"},"modified":"2024-12-12T11:22:54","modified_gmt":"2024-12-12T10:22:54","slug":"impressum","status":"publish","type":"page","link":"https:\/\/neu.bsc-bkk.at\/index.php\/impressum\/","title":{"rendered":"Impressum"},"content":{"rendered":"<div class=\"wp-block-image is-style-rounded\">\n<figure class=\"alignright size-full is-resized\"><img loading=\"lazy\" decoding=\"async\" width=\"512\" height=\"512\" src=\"https:\/\/neu.bsc-bkk.at\/wp-content\/uploads\/2024\/11\/cropped-Logo-V9_Quadrat-1.png\" alt=\"\" class=\"wp-image-34\" style=\"width:277px;height:auto\" srcset=\"https:\/\/neu.bsc-bkk.at\/wp-content\/uploads\/2024\/11\/cropped-Logo-V9_Quadrat-1.png 512w, https:\/\/neu.bsc-bkk.at\/wp-content\/uploads\/2024\/11\/cropped-Logo-V9_Quadrat-1-300x300.png 300w, https:\/\/neu.bsc-bkk.at\/wp-content\/uploads\/2024\/11\/cropped-Logo-V9_Quadrat-1-150x150.png 150w, https:\/\/neu.bsc-bkk.at\/wp-content\/uploads\/2024\/11\/cropped-Logo-V9_Quadrat-1-100x100.png 100w, https:\/\/neu.bsc-bkk.at\/wp-content\/uploads\/2024\/11\/cropped-Logo-V9_Quadrat-1-270x270.png 270w, https:\/\/neu.bsc-bkk.at\/wp-content\/uploads\/2024\/11\/cropped-Logo-V9_Quadrat-1-192x192.png 192w, https:\/\/neu.bsc-bkk.at\/wp-content\/uploads\/2024\/11\/cropped-Logo-V9_Quadrat-1-180x180.png 180w, https:\/\/neu.bsc-bkk.at\/wp-content\/uploads\/2024\/11\/cropped-Logo-V9_Quadrat-1-32x32.png 32w\" sizes=\"auto, (max-width: 512px) 100vw, 512px\" \/><\/figure>\n<\/div>\n\n\n<p><\/p>\n\n\n\n<p>Bogensportclub Bad Kleinkirchheim<br>Millst\u00e4tterstra\u00dfe 42<\/p>\n\n\n\n<p>9541 \u00c4ussere Ein\u00f6de<\/p>\n\n\n\n<p><a href=\"mailto:info@bsc-bkk.at\">info@bsc-bkk.at<\/a><\/p>\n","protected":false},"excerpt":{"rendered":"<p>Bogensportclub Bad KleinkirchheimMillst\u00e4tterstra\u00dfe 42 9541 \u00c4ussere Ein\u00f6de info@bsc-bkk.at<\/p>\n","protected":false},"author":2,"featured_media":0,"parent":0,"menu_order":0,"comment_status":"closed","ping_status":"closed","template":"","meta":{"footnotes":""},"class_list":["post-92","page","type-page","status-publish","hentry"],"_links":{"self":[{"href":"https:\/\/neu.bsc-bkk.at\/index.php\/wp-json\/wp\/v2\/pages\/92","targetHints":{"allow":["GET"]}}],"collection":[{"href":"https:\/\/neu.bsc-bkk.at\/index.php\/wp-json\/wp\/v2\/pages"}],"about":[{"href":"https:\/\/neu.bsc-bkk.at\/index.php\/wp-json\/wp\/v2\/types\/page"}],"author":[{"embeddable":true,"href":"https:\/\/neu.bsc-bkk.at\/index.php\/wp-json\/wp\/v2\/users\/2"}],"replies":[{"embeddable":true,"href":"https:\/\/neu.bsc-bkk.at\/index.php\/wp-json\/wp\/v2\/comments?post=92"}],"version-history":[{"count":5,"href":"https:\/\/neu.bsc-bkk.at\/index.php\/wp-json\/wp\/v2\/pages\/92\/revisions"}],"predecessor-version":[{"id":99,"href":"https:\/\/neu.bsc-bkk.at\/index.php\/wp-json\/wp\/v2\/pages\/92\/revisions\/99"}],"wp:attachment":[{"href":"https:\/\/neu.bsc-bkk.at\/index.php\/wp-json\/wp\/v2\/media?parent=92"}],"curies":[{"name":"wp","href":"https:\/\/api.w.org\/{rel}","templated":true}]}}